{"id":1750,"date":"2023-07-21T07:26:13","date_gmt":"2023-07-21T07:26:13","guid":{"rendered":"https:\/\/www.sunback.shop\/?page_id=1750"},"modified":"2025-05-20T07:44:21","modified_gmt":"2025-05-20T07:44:21","slug":"terms_condition","status":"publish","type":"page","link":"https:\/\/www.sunback.shop\/de\/terms_condition\/","title":{"rendered":"Terms &#038; Condition"},"content":{"rendered":"<section class=\"wpb-content-wrapper\"><div class=\"vc_row wpb_row vc_row-fluid\"><div class=\"wpb_column vc_column_container vc_col-sm-12\"><div class=\"vc_column-inner\"><div class=\"wpb_wrapper\">\n\t<div class=\"wpb_text_column wpb_content_element\" >\n\t\t<div class=\"wpb_wrapper\">\n\t\t\t<h1 data-start=\"204\" data-end=\"234\">Allgemeine Verkaufsbedingungen<\/h1>\n<p data-start=\"236\" data-end=\"488\" class=\"translation-block\">Willkommen auf <a class=\"\" href=\"https:\/\/www.sunback.shop\/de\/\" target=\"_new\" rel=\"noopener\" data-start=\"249\" data-end=\"265\">www.sunback.shop<\/a>\n, der offiziellen E-Commerce-Website von NUOVE INIZIATIVE BRESCIANE S.R.L., mit Sitz in<br>\nVia Valsorda, 11 \u2013 25123 \u2013 Brescia (Italien)<br>\nUSt.-Nr. IT04213340989 \u2013 REA BS-597262 \u2013 E-Mail: <a class=\"cursor-pointer\" rel=\"noopener\" data-start=\"468\" data-end=\"486\" target=\"_self\">hello@sunback.shop<\/a><\/p>\n<p data-start=\"490\" data-end=\"762\" class=\"translation-block\">Diese Allgemeinen Verkaufsbedingungen regeln den Kauf von Produkten \u00fcber <a class=\"\" href=\"https:\/\/www.sunback.shop\/de\/\" target=\"_new\" rel=\"noopener\" data-start=\"569\" data-end=\"585\">www.sunback.shop<\/a>\n und entsprechen den italienischen und europ\u00e4ischen Vorschriften \u00fcber den Fernabsatz und den elektronischen Handel (Italienisches Verbraucherschutzgesetz, Legislativdekret 206\/2005, EU-Richtlinie 2011\/83, EU-Verordnung 2016\/679).<\/p>\n<h2 data-start=\"764\" data-end=\"789\">1. Allgemeine Informationen<\/h2>\n<p data-start=\"791\" data-end=\"970\" class=\"translation-block\">Der Verkauf erfolgt ausschlie\u00dflich an Endverbraucher mit Wohnsitz in der Europ\u00e4ischen Union.<br>\nMit Aufgabe einer Bestellung auf dieser Website akzeptieren Sie diese Allgemeinen Verkaufsbedingungen.<\/p>\n<h2 data-start=\"972\" data-end=\"997\">2. Produkte und Preise<\/h2>\n<p data-start=\"999\" data-end=\"1231\" class=\"translation-block\">Alle Preise auf der Website sind in Euro angegeben und verstehen sich zuz\u00fcglich Mehrwertsteuer. Die MwSt. (22 %) wird automatisch im Checkout-Prozess berechnet und hinzugef\u00fcgt.<br>\nPreise k\u00f6nnen sich \u00e4ndern; best\u00e4tigte Bestellungen sind hiervon jedoch nicht betroffe<\/p>\n<h2 data-start=\"1233\" data-end=\"1253\">3. Versandkosten<\/h2>\n<p data-start=\"1255\" data-end=\"1267\"><strong data-start=\"1255\" data-end=\"1264\">Italy<\/strong>:<\/p>\n<ul data-start=\"1268\" data-end=\"1338\">\n<li data-start=\"1268\" data-end=\"1303\">\n<p data-start=\"1270\" data-end=\"1303\">Single product: \u20ac9.83 + 22% VAT<\/p>\n<\/li>\n<li data-start=\"1304\" data-end=\"1338\">\n<p data-start=\"1306\" data-end=\"1338\">Double product: \u20ac19.67 + 22% VAT<\/p>\n<\/li>\n<\/ul>\n<p data-start=\"1340\" data-end=\"1366\"><strong data-start=\"1340\" data-end=\"1363\">European Union (EU)<\/strong>:<\/p>\n<ul data-start=\"1367\" data-end=\"1438\">\n<li data-start=\"1367\" data-end=\"1403\">\n<p data-start=\"1369\" data-end=\"1403\">Single product: \u20ac20.49 + 22% VAT<\/p>\n<\/li>\n<li data-start=\"1404\" data-end=\"1438\">\n<p data-start=\"1406\" data-end=\"1438\">Double product: \u20ac40.98 + 22% VAT<\/p>\n<\/li>\n<\/ul>\n<p data-start=\"1440\" data-end=\"1523\">Die Versandkosten werden im Checkout klar angezeigt, bevor die Bestellung best\u00e4tigt wird.<\/p>\n<h2 data-start=\"1525\" data-end=\"1549\">4. Bestellvorgang<\/h2>\n<p data-start=\"1551\" data-end=\"1582\">Um einen Kauf abzuschlie\u00dfen, m\u00fcssen Nutzer:<\/p>\n<ol data-start=\"1583\" data-end=\"1814\">\n<li data-start=\"1583\" data-end=\"1628\">\n<p data-start=\"1586\" data-end=\"1628\">das gew\u00fcnschte Produkt ausw\u00e4hlen und in den Warenkorb legen<\/p>\n<\/li>\n<li data-start=\"1629\" data-end=\"1667\">\n<p data-start=\"1632\" data-end=\"1667\">Versand- und Rechnungsdaten eingeben<\/p>\n<\/li>\n<li data-start=\"1668\" data-end=\"1695\">\n<p data-start=\"1671\" data-end=\"1695\">eine Zahlungsmethode w\u00e4hlen<\/p>\n<\/li>\n<li data-start=\"1696\" data-end=\"1753\">\n<p data-start=\"1699\" data-end=\"1753\">die Bestellung best\u00e4tigen und die Allgemeinen Verkaufsbedingungen akzeptieren<\/p>\n<\/li>\n<li data-start=\"1754\" data-end=\"1814\">\n<p data-start=\"1757\" data-end=\"1814\">eine Bestellbest\u00e4tigung per E-Mail erhalten<\/p>\n<\/li>\n<\/ol>\n<h2 data-start=\"1816\" data-end=\"1842\">5. Produktverf\u00fcgbarkeit<\/h2>\n<p data-start=\"1844\" data-end=\"2045\">Sollte ein oder mehrere bestellte Produkte nicht verf\u00fcgbar sein, beh\u00e4lt sich der Verk\u00e4ufer das Recht vor, die Bestellung zu stornieren und innerhalb von 5 Werktagen eine vollst\u00e4ndige R\u00fcckerstattung vorzunehmen. Der Kunde wird unverz\u00fcglich informiert.<\/p>\n<h2 data-start=\"2047\" data-end=\"2068\">6. Zahlungsmethoden<\/h2>\n<p data-start=\"2070\" data-end=\"2213\" class=\"translation-block\">Die Bezahlung kann per Kreditkarte, PayPal oder \u00fcber andere auf der Website angebotene Methoden erfolgen.<br>\nDie Belastung erfolgt bei Bestellbest\u00e4tigung.<\/p>\n<h2 data-start=\"2215\" data-end=\"2229\">7. Lieferung<\/h2>\n<p data-start=\"2231\" data-end=\"2558\" class=\"translation-block\">Die Produkte werden an die vom Kunden angegebene Adresse geliefert, innerhalb des im Checkout angezeigten Zeitraums.<br>\nNach Versand erh\u00e4lt der Kunde eine Best\u00e4tigung per E-Mail mit Sendungsverfolgung (sofern verf\u00fcgbar).<br>\nLieferverz\u00f6gerungen aufgrund h\u00f6herer Gewalt oder au\u00dferhalb der Kontrolle des Verk\u00e4ufers liegender Ereignisse stellen keine Haftung des Verk\u00e4ufers dar.<\/p>\n<h2 data-start=\"2560\" data-end=\"2585\">8. Widerrufsrecht<\/h2>\n<p data-start=\"2587\" data-end=\"2863\" class=\"translation-block\">Gem\u00e4\u00df italienischem Verbraucherschutzgesetz hat der Kunde das Recht, innerhalb von 14 Tagen nach Erhalt der Ware ohne Angabe von Gr\u00fcnden vom Vertrag zur\u00fcckzutreten.\nZur Aus\u00fcbung des Widerrufsrechts muss eine Anfrage per E-Mail an <a class=\"cursor-pointer\" rel=\"noopener\" data-start=\"2842\" data-end=\"2860\" target=\"_self\">hello@sunback.shop<\/a>\n gesendet werden.<\/p>\n<p data-start=\"2865\" data-end=\"3060\" class=\"translation-block\">R\u00fccksendungen bed\u00fcrfen der vorherigen Genehmigung.<br> Die R\u00fccksendekosten tr\u00e4gt der Kunde, au\u00dfer bei besch\u00e4digten oder fehlerhaften Produkten \u2013 in diesem Fall tr\u00e4gt der Verk\u00e4ufer die Kosten.<\/p>\n<p data-start=\"3062\" data-end=\"3200\" class=\"translation-block\">R\u00fccksendungen m\u00fcssen unbenutzt, in Originalverpackung und einwandfrei sein und innerhalb von 14 Tagen nach Genehmigung zur\u00fcckgeschickt werden.<\/p>\n<h2 data-start=\"3202\" data-end=\"3239\">9. Garantie und mangelhafte Produkte<\/h2>\n<p data-start=\"3241\" data-end=\"3493\" class=\"translation-block\">Alle Produkte unterliegen der gesetzlichen Gew\u00e4hrleistung von 24 Monaten gem\u00e4\u00df Art. 128\u2013135 des italienischen Verbraucherschutzgesetzes.\nM\u00e4ngel m\u00fcssen innerhalb von 2 Monaten nach Entdeckung an <a class=\"cursor-pointer\" rel=\"noopener\" data-start=\"3472\" data-end=\"3490\" target=\"_self\">hello@sunback.shop<\/a>\n gemeldet werden.<\/p>\n<p data-start=\"3495\" data-end=\"3613\">Bei best\u00e4tigten M\u00e4ngeln oder Nichtkonformit\u00e4t \u00fcbernimmt der Verk\u00e4ufer die Kosten f\u00fcr Ersatz oder R\u00fcckerstattung.<\/p>\n<h2 data-start=\"3615\" data-end=\"3646\">10. Datenschutz<\/h2>\n<p data-start=\"3648\" data-end=\"3897\" class=\"translation-block\">Die Verarbeitung personenbezogener Daten erfolgt gem\u00e4\u00df der EU-Datenschutzgrundverordnung (DSGVO \u2013 Verordnung 2016\/679).<br>\nWeitere Informationen finden Sie in unserer <a class=\"cursor-pointer\" target=\"_new\" rel=\"noopener\" data-start=\"3814\" data-end=\"3871\">Datenschutzerkl\u00e4rung<\/a>  auf der Website.<\/p>\n<h2 data-start=\"3899\" data-end=\"3924\">11. Streitbeilegung<\/h2>\n<p data-start=\"3926\" data-end=\"4136\" class=\"translation-block\">Im Falle von Streitigkeiten k\u00f6nnen Kunden die Online-Streitbeilegungsplattform (ODR) der Europ\u00e4ischen Kommission nutzen:<br><a class=\"\" href=\"https:\/\/ec.europa.eu\/consumers\/odr\/\" target=\"_new\" rel=\"noopener\" data-start=\"4062\" data-end=\"4136\">https:\/\/ec.europa.eu\/consumers\/odr\/<\/a><\/p>\n<p data-start=\"4138\" data-end=\"4256\">Dies gilt unbeschadet des Rechts, gerichtliche Schritte vor dem zust\u00e4ndigen Verbrauchergericht einzuleiten.<\/p>\n<h2 data-start=\"4258\" data-end=\"4296\">12. Anwendbares Recht und Gerichtsstand<\/h2>\n<p data-start=\"4298\" data-end=\"4469\" class=\"translation-block\">Diese Allgemeinen Verkaufsbedingungen unterliegen italienischem Recht.<br>Im Streitfall ist das Gericht am Wohnsitz oder gew\u00f6hnlichen Aufenthalt des Verbrauchers zust\u00e4ndig.<\/p>\n<h2 data-start=\"4471\" data-end=\"4488\">13. \u00c4nderungen<\/h2>\n<p data-start=\"4490\" data-end=\"4680\" class=\"translation-block\">Der Verk\u00e4ufer beh\u00e4lt sich das Recht vor, diese Allgemeinen Verkaufsbedingungen jederzeit zu \u00e4ndern.<br>\u00c4nderungen gelten ab dem Zeitpunkt der Ver\u00f6ffentlichung und betreffen keine bereits best\u00e4tigten Bestellungen.<\/p>\n\n\t\t<\/div>\n\t<\/div>\n<\/div><\/div><\/div><\/div><div data-vc-full-width=\"true\" data-vc-full-width-init=\"false\" class=\"vc_row wpb_row vc_row-fluid vc_custom_1689935356320 vc_row-has-fill\"><div class=\"wpb_column vc_column_container vc_col-sm-3 vc_hidden-xs\"><div class=\"vc_column-inner\"><div class=\"wpb_wrapper\"><\/div><\/div><\/div><div class=\"wpb_column vc_column_container vc_col-sm-6\"><div class=\"vc_column-inner\"><div class=\"wpb_wrapper\">\n\t<div class=\"wpb_text_column wpb_content_element  vc_custom_1689933861755\" >\n\t\t<div class=\"wpb_wrapper\">\n\t\t\t<p style=\"text-align: center;\"><span style=\"font-weight: 400;\">F\u00fcr weitere Informationen:<\/span><\/p>\n\n\t\t<\/div>\n\t<\/div>\n<div class=\"vc_btn3-container vc_btn3-center vc_custom_1689934666433\" ><a style=\"background-color:#40b0af; color:#ffffff;\" class=\"vc_general vc_btn3 vc_btn3-size-md vc_btn3-shape-square vc_btn3-style-custom\" href=\"https:\/\/www.sunback.shop\/de\/contacts\/\" title=\"\">Schreiben Sie uns<\/a><\/div><\/div><\/div><\/div><div class=\"wpb_column vc_column_container vc_col-sm-3\"><div class=\"vc_column-inner\"><div class=\"wpb_wrapper\"><\/div><\/div><\/div><\/div><div class=\"vc_row-full-width vc_clearfix\"><\/div>\n<\/section>","protected":false},"excerpt":{"rendered":"Terms and Conditions of Sale Welcome to www.sunback.shop, the official eCommerce website of NUOVE INIZIATIVE BRESCIANE S.R.L., with registered office atVia Valsorda, 11 \u2013 25123 \u2013 Brescia (Italy)VAT no. IT04213340989 \u2013 REA BS-597262 \u2013 Email: hello@sunback.shop These Terms and Conditions of Sale govern the purchase of products through www.sunback.shop and comply with Italian and EU<br class=\"read-more-spacer\"> <a class=\"more-link\" href=\"https:\/\/www.sunback.shop\/de\/terms_condition\/\">Mehr lesen<\/a>","protected":false},"author":2,"featured_media":0,"parent":0,"menu_order":0,"comment_status":"closed","ping_status":"closed","template":"","meta":{"footnotes":""},"class_list":["post-1750","page","type-page","status-publish","hentry"],"acf":[],"yoast_head":"<!-- This site is optimized with the Yoast SEO plugin v25.3 - https:\/\/yoast.com\/wordpress\/plugins\/seo\/ -->\n<title>Terms &amp; Condition - SUNBACK.shop<\/title>\n<meta name=\"robots\" content=\"index, follow, max-snippet:-1, max-image-preview:large, max-video-preview:-1\" \/>\n<link rel=\"canonical\" href=\"https:\/\/www.sunback.shop\/de\/terms_condition\/\" \/>\n<meta property=\"og:locale\" content=\"de_DE\" \/>\n<meta property=\"og:type\" content=\"article\" \/>\n<meta property=\"og:title\" content=\"Terms &amp; Condition - SUNBACK.shop\" \/>\n<meta property=\"og:url\" content=\"https:\/\/www.sunback.shop\/de\/terms_condition\/\" \/>\n<meta property=\"og:site_name\" content=\"SUNBACK.shop\" \/>\n<meta property=\"article:publisher\" content=\"https:\/\/m.facebook.com\/beachbackshop\/\" \/>\n<meta property=\"article:modified_time\" content=\"2025-05-20T07:44:21+00:00\" \/>\n<meta name=\"twitter:card\" content=\"summary_large_image\" \/>\n<meta name=\"twitter:label1\" content=\"Est. reading time\" \/>\n\t<meta name=\"twitter:data1\" content=\"4\u00a0Minuten\" \/>\n<script type=\"application\/ld+json\" class=\"yoast-schema-graph\">{\"@context\":\"https:\/\/schema.org\",\"@graph\":[{\"@type\":\"WebPage\",\"@id\":\"https:\/\/www.sunback.shop\/terms_condition\/\",\"url\":\"https:\/\/www.sunback.shop\/terms_condition\/\",\"name\":\"Terms & Condition - SUNBACK.shop\",\"isPartOf\":{\"@id\":\"https:\/\/www.sunback.shop\/it\/#website\"},\"datePublished\":\"2023-07-21T07:26:13+00:00\",\"dateModified\":\"2025-05-20T07:44:21+00:00\",\"breadcrumb\":{\"@id\":\"https:\/\/www.sunback.shop\/terms_condition\/#breadcrumb\"},\"inLanguage\":\"de\",\"potentialAction\":[{\"@type\":\"ReadAction\",\"target\":[\"https:\/\/www.sunback.shop\/terms_condition\/\"]}]},{\"@type\":\"BreadcrumbList\",\"@id\":\"https:\/\/www.sunback.shop\/terms_condition\/#breadcrumb\",\"itemListElement\":[{\"@type\":\"ListItem\",\"position\":1,\"name\":\"Home\",\"item\":\"https:\/\/www.sunback.shop\/\"},{\"@type\":\"ListItem\",\"position\":2,\"name\":\"Terms &#038; Condition\"}]},{\"@type\":\"WebSite\",\"@id\":\"https:\/\/www.sunback.shop\/it\/#website\",\"url\":\"https:\/\/www.sunback.shop\/it\/\",\"name\":\"SUNBACK.shop\",\"description\":\"The World\u2019s First Backpack-Sunbed Combo\",\"publisher\":{\"@id\":\"https:\/\/www.sunback.shop\/it\/#organization\"},\"potentialAction\":[{\"@type\":\"SearchAction\",\"target\":{\"@type\":\"EntryPoint\",\"urlTemplate\":\"https:\/\/www.sunback.shop\/it\/?s={search_term_string}\"},\"query-input\":{\"@type\":\"PropertyValueSpecification\",\"valueRequired\":true,\"valueName\":\"search_term_string\"}}],\"inLanguage\":\"de\"},{\"@type\":\"Organization\",\"@id\":\"https:\/\/www.sunback.shop\/it\/#organization\",\"name\":\"SUNBACK.shop\",\"url\":\"https:\/\/www.sunback.shop\/it\/\",\"logo\":{\"@type\":\"ImageObject\",\"inLanguage\":\"de\",\"@id\":\"https:\/\/www.sunback.shop\/it\/#\/schema\/logo\/image\/\",\"url\":\"https:\/\/www.sunback.shop\/wp-content\/uploads\/2025\/03\/Sunback-logo-black.png\",\"contentUrl\":\"https:\/\/www.sunback.shop\/wp-content\/uploads\/2025\/03\/Sunback-logo-black.png\",\"width\":124,\"height\":86,\"caption\":\"SUNBACK.shop\"},\"image\":{\"@id\":\"https:\/\/www.sunback.shop\/it\/#\/schema\/logo\/image\/\"},\"sameAs\":[\"https:\/\/m.facebook.com\/beachbackshop\/\",\"https:\/\/www.instagram.com\/sunback.shop\",\"https:\/\/www.youtube.com\/channel\/UCK-jTFkGNGVVzGvwJ4a2WUw\"]}]}<\/script>\n<!-- \/ Yoast SEO plugin. -->","yoast_head_json":{"title":"Terms & Condition - SUNBACK.shop","robots":{"index":"index","follow":"follow","max-snippet":"max-snippet:-1","max-image-preview":"max-image-preview:large","max-video-preview":"max-video-preview:-1"},"canonical":"https:\/\/www.sunback.shop\/de\/terms_condition\/","og_locale":"de_DE","og_type":"article","og_title":"Terms & Condition - SUNBACK.shop","og_url":"https:\/\/www.sunback.shop\/de\/terms_condition\/","og_site_name":"SUNBACK.shop","article_publisher":"https:\/\/m.facebook.com\/beachbackshop\/","article_modified_time":"2025-05-20T07:44:21+00:00","twitter_card":"summary_large_image","twitter_misc":{"Est. reading time":"4\u00a0Minuten"},"schema":{"@context":"https:\/\/schema.org","@graph":[{"@type":"WebPage","@id":"https:\/\/www.sunback.shop\/terms_condition\/","url":"https:\/\/www.sunback.shop\/terms_condition\/","name":"Terms & Condition - SUNBACK.shop","isPartOf":{"@id":"https:\/\/www.sunback.shop\/it\/#website"},"datePublished":"2023-07-21T07:26:13+00:00","dateModified":"2025-05-20T07:44:21+00:00","breadcrumb":{"@id":"https:\/\/www.sunback.shop\/terms_condition\/#breadcrumb"},"inLanguage":"de","potentialAction":[{"@type":"ReadAction","target":["https:\/\/www.sunback.shop\/terms_condition\/"]}]},{"@type":"BreadcrumbList","@id":"https:\/\/www.sunback.shop\/terms_condition\/#breadcrumb","itemListElement":[{"@type":"ListItem","position":1,"name":"Home","item":"https:\/\/www.sunback.shop\/"},{"@type":"ListItem","position":2,"name":"Terms &#038; Condition"}]},{"@type":"WebSite","@id":"https:\/\/www.sunback.shop\/it\/#website","url":"https:\/\/www.sunback.shop\/it\/","name":"SUNBACK.shop","description":"The World\u2019s First Backpack-Sunbed Combo","publisher":{"@id":"https:\/\/www.sunback.shop\/it\/#organization"},"potentialAction":[{"@type":"SearchAction","target":{"@type":"EntryPoint","urlTemplate":"https:\/\/www.sunback.shop\/it\/?s={search_term_string}"},"query-input":{"@type":"PropertyValueSpecification","valueRequired":true,"valueName":"search_term_string"}}],"inLanguage":"de"},{"@type":"Organization","@id":"https:\/\/www.sunback.shop\/it\/#organization","name":"SUNBACK.shop","url":"https:\/\/www.sunback.shop\/it\/","logo":{"@type":"ImageObject","inLanguage":"de","@id":"https:\/\/www.sunback.shop\/it\/#\/schema\/logo\/image\/","url":"https:\/\/www.sunback.shop\/wp-content\/uploads\/2025\/03\/Sunback-logo-black.png","contentUrl":"https:\/\/www.sunback.shop\/wp-content\/uploads\/2025\/03\/Sunback-logo-black.png","width":124,"height":86,"caption":"SUNBACK.shop"},"image":{"@id":"https:\/\/www.sunback.shop\/it\/#\/schema\/logo\/image\/"},"sameAs":["https:\/\/m.facebook.com\/beachbackshop\/","https:\/\/www.instagram.com\/sunback.shop","https:\/\/www.youtube.com\/channel\/UCK-jTFkGNGVVzGvwJ4a2WUw"]}]}},"_links":{"self":[{"href":"https:\/\/www.sunback.shop\/de\/wp-json\/wp\/v2\/pages\/1750","targetHints":{"allow":["GET"]}}],"collection":[{"href":"https:\/\/www.sunback.shop\/de\/wp-json\/wp\/v2\/pages"}],"about":[{"href":"https:\/\/www.sunback.shop\/de\/wp-json\/wp\/v2\/types\/page"}],"author":[{"embeddable":true,"href":"https:\/\/www.sunback.shop\/de\/wp-json\/wp\/v2\/users\/2"}],"replies":[{"embeddable":true,"href":"https:\/\/www.sunback.shop\/de\/wp-json\/wp\/v2\/comments?post=1750"}],"version-history":[{"count":15,"href":"https:\/\/www.sunback.shop\/de\/wp-json\/wp\/v2\/pages\/1750\/revisions"}],"predecessor-version":[{"id":1852,"href":"https:\/\/www.sunback.shop\/de\/wp-json\/wp\/v2\/pages\/1750\/revisions\/1852"}],"wp:attachment":[{"href":"https:\/\/www.sunback.shop\/de\/wp-json\/wp\/v2\/media?parent=1750"}],"curies":[{"name":"wp","href":"https:\/\/api.w.org\/{rel}","templated":true}]}}