{"id":519,"date":"2016-03-21T13:06:29","date_gmt":"2016-03-21T13:06:29","guid":{"rendered":"http:\/\/okthemes.com\/villenoirdemo\/?page_id=519"},"modified":"2025-06-17T09:02:37","modified_gmt":"2025-06-17T09:02:37","slug":"faq","status":"publish","type":"page","link":"https:\/\/www.sunback.shop\/it\/faq\/","title":{"rendered":"FAQ"},"content":{"rendered":"<section class=\"wpb-content-wrapper\"><div class=\"vc_row wpb_row vc_row-fluid\"><div class=\"wpb_column vc_column_container vc_col-sm-6\"><div class=\"vc_column-inner\"><div class=\"wpb_wrapper\">\n\t<div class=\"title-subtitle-box\" style=\" text-align: left;\">\n\t\t<p  style=\"\">Info Generali<\/p>\n\t\t<h2 style=\" font-style: normal;\">Perch\u00e9 non si chiama pi\u00f9 BeachBack?<\/h2>\n\t<\/div> \n\t<div class=\"wpb_text_column wpb_content_element\" >\n\t\t<div class=\"wpb_wrapper\">\n\t\t\t<p>Yes, originally back in 2022, our product was called BeachBack during its crowdfunding campaign on Kickstarter, and it remains the same innovative concept. However, during the course of our campaign, someone else registered the trademark &#8220;BeachBack&#8221; in the US before we could secure it.<\/p>\n<p>To ensure a smooth and controversy-free journey, we made the decision to transition the product name to &#8220;Sunback.&#8221; It&#8217;s worth noting that we have substantial evidence of being the first to use the brand name on Kickstarter, and our trademarks are already registered in other countries.<\/p>\n<p>&#8220;Sunback&#8221; was actually one of the names we brainstormed when we began this exciting venture. We believe it captures the essence of what our product offers &#8211; the perfect blend of a backpack and sunbed.<\/p>\n<p>Stai tranquillo: anche se il nome \u00e8 cambiato, il nostro impegno nell'offrire un prodotto eccezionale resta assolutamente invariato.<\/p>\n\n\t\t<\/div>\n\t<\/div>\n\n\t<div class=\"title-subtitle-box\" style=\" text-align: left;\">\n\t\t<p  style=\"\">Prodotto<\/p>\n\t\t<h2 style=\" font-style: normal;\">Qual \u00e8 la capacit\u00e0 di Sunback?<\/h2>\n\t<\/div> \n\t<div class=\"wpb_text_column wpb_content_element\" >\n\t\t<div class=\"wpb_wrapper\">\n\t\t\t<p>SunBack \u00e8 un vero zaino e offre una capacit\u00e0 di 35 litri di volume libero. Questo significa che puoi trasportare comodamente tutto il necessario per una giornata all\u2019aperto, come crema solare, un libro, un tablet, giochi, acqua, snack e molto altro.<\/p>\n\n\t\t<\/div>\n\t<\/div>\n\n\t<div class=\"title-subtitle-box\" style=\" text-align: left;\">\n\t\t<p  style=\"\">Prodotto<\/p>\n\t\t<h2 style=\" font-style: normal;\">Il Sunback \u00e8 resistente all'acqua?<\/h2>\n\t<\/div> \n\t<div class=\"wpb_text_column wpb_content_element\" >\n\t\t<div class=\"wpb_wrapper\">\n\t\t\t<p>Yes, Sunback is water-resistant. That means Sunback can resist water intrusion so your stuff doesn&#8217;t get wet in case of light rain or water splash. It&#8217;s not waterproof as doesn&#8217;t have submersible capabilities.<\/p>\n\n\t\t<\/div>\n\t<\/div>\n\n\t<div class=\"title-subtitle-box\" style=\" text-align: left;\">\n\t\t<p  style=\"\">Prodotto<\/p>\n\t\t<h2 style=\" font-style: normal;\">Sunback \u00e8 resistente alla sabbia?<\/h2>\n\t<\/div> \n\t<div class=\"wpb_text_column wpb_content_element\" >\n\t\t<div class=\"wpb_wrapper\">\n\t\t\t<p>Yes, Sunback sand resistant. Thanks to its fabric and sealed zippers, Sunback doesn&#8217;t allow sand to get inside.<\/p>\n\n\t\t<\/div>\n\t<\/div>\n\n\t<div class=\"title-subtitle-box\" style=\" text-align: left;\">\n\t\t<p  style=\"\">Prodotto<\/p>\n\t\t<h2 style=\" font-style: normal;\">Sunback \u00e8 resistente al vento?<\/h2>\n\t<\/div> \n\t<div class=\"wpb_text_column wpb_content_element\" >\n\t\t<div class=\"wpb_wrapper\">\n\t\t\t<p>Yes, since the towel can be secured to the mattress with velcro straps, it won&#8217;t fly away in case of wind.<\/p>\n\n\t\t<\/div>\n\t<\/div>\n\n\t<div class=\"title-subtitle-box\" style=\" text-align: left;\">\n\t\t<p  style=\"\">Prodotto<\/p>\n\t\t<h2 style=\" font-style: normal;\">Qual \u00e8 il peso di Sunback?<\/h2>\n\t<\/div> \n\t<div class=\"wpb_text_column wpb_content_element\" >\n\t\t<div class=\"wpb_wrapper\">\n\t\t\t<p>SunBack pesa 4,4 kg senza i pali (utilizzati per tendere il tendalino parasole).<\/p>\n\n\t\t<\/div>\n\t<\/div>\n\n\t<div class=\"title-subtitle-box\" style=\" text-align: left;\">\n\t\t<p  style=\"\">Prodotto<\/p>\n\t\t<h2 style=\" font-style: normal;\">Quali sono le dimensioni di Sunback?<\/h2>\n\t<\/div> \n\t<div class=\"wpb_text_column wpb_content_element\" >\n\t\t<div class=\"wpb_wrapper\">\n\t\t\t<p>Come zaino, SunBack ha le seguenti dimensioni: 55 cm di altezza, 43 cm di lunghezza, da 15 a 32 cm di larghezza grazie alle cinghie di compressione integrate.<\/p>\n\n\t\t<\/div>\n\t<\/div>\n<\/div><\/div><\/div><div class=\"wpb_column vc_column_container vc_col-sm-6\"><div class=\"vc_column-inner\"><div class=\"wpb_wrapper\">\n\t<div class=\"title-subtitle-box\" style=\" text-align: left;\">\n\t\t<p  style=\"\">Acquisto<\/p>\n\t\t<h2 style=\" font-style: normal;\">Come posso acquistare SunBack?<\/h2>\n\t<\/div> \n\t<div class=\"wpb_text_column wpb_content_element\" >\n\t\t<div class=\"wpb_wrapper\">\n\t\t\t<p>Puoi acquistare SunBack direttamente dal nostro sito web, aggiungendolo al carrello e procedendo con il checkout. Accettiamo diversi metodi di pagamento, tra cui carte di credito\/debito e PayPal.<\/p>\n\n\t\t<\/div>\n\t<\/div>\n\n\t<div class=\"title-subtitle-box\" style=\" text-align: left;\">\n\t\t<p  style=\"\">Acquisto<\/p>\n\t\t<h2 style=\" font-style: normal;\">Ci sono limiti di quantit\u00e0 per gli ordini?<\/h2>\n\t<\/div> \n\t<div class=\"wpb_text_column wpb_content_element\" >\n\t\t<div class=\"wpb_wrapper\">\n\t\t\t<p>Attualmente non ci sono limiti specifici sulla quantit\u00e0 per ordine. Tuttavia, per ordini voluminosi o di grandi dimensioni, ti consigliamo di contattare il nostro team di assistenza clienti per garantire una gestione senza intoppi e per discutere eventuali accordi speciali o sconti applicabili.<\/p>\n\n\t\t<\/div>\n\t<\/div>\n\n\t<div class=\"title-subtitle-box\" style=\" text-align: left;\">\n\t\t<p  style=\"\">Spedizioni<\/p>\n\t\t<h2 style=\" font-style: normal;\">Il vostro prodotto \u00e8 disponibile a livello internazionale?<\/h2>\n\t<\/div> \n\t<div class=\"wpb_text_column wpb_content_element\" >\n\t\t<div class=\"wpb_wrapper\">\n\t\t\t<p>S\u00ec, offriamo spedizioni internazionali. Il nostro prodotto \u00e8 disponibile per l\u2019acquisto e la consegna in tutto il mondo. Ti ricordiamo che le spese di spedizione e i tempi di consegna possono variare a seconda della destinazione.<\/p>\n\n\t\t<\/div>\n\t<\/div>\n\n\t<div class=\"title-subtitle-box\" style=\" text-align: left;\">\n\t\t<p  style=\"\">Spedizioni<\/p>\n\t\t<h2 style=\" font-style: normal;\">Ci sono sconti disponibili?<\/h2>\n\t<\/div> \n\t<div class=\"wpb_text_column wpb_content_element\" >\n\t\t<div class=\"wpb_wrapper\">\n\t\t\t<p>Offriamo occasionalmente sconti o promozioni per acquisti multipli. Per restare aggiornato sulle nostre offerte, promozioni e sconti pi\u00f9 recenti, ti consigliamo di iscriverti alla nostra newsletter o di seguirci sui social media. \u00c8 proprio l\u00ec che annunciamo queste iniziative speciali.<\/p>\n\n\t\t<\/div>\n\t<\/div>\n\n\t<div class=\"title-subtitle-box\" style=\" text-align: left;\">\n\t\t<p  style=\"\">Comunicazione<\/p>\n\t\t<h2 style=\" font-style: normal;\">Ho un'altra domanda<\/h2>\n\t<\/div> \n\t<div class=\"wpb_text_column wpb_content_element\" >\n\t\t<div class=\"wpb_wrapper\">\n\t\t\t<p>Have another question? Please message us directly through Kickstarter or via email: hello@sunback.shop, and we\u2019d be more than happy to answer any questions.<\/p>\n\n\t\t<\/div>\n\t<\/div>\n<\/div><\/div><\/div><\/div><div data-vc-full-width=\"true\" data-vc-full-width-init=\"false\" data-vc-stretch-content=\"true\" class=\"vc_row wpb_row vc_row-fluid shop-home vc_custom_1687352997664 vc_row-has-fill vc_row-no-padding vc_row-o-equal-height vc_row-o-content-middle vc_row-flex\"><div class=\"box-shop-home-img wpb_column vc_column_container vc_col-sm-1 vc_col-lg-7 vc_col-md-7\"><div class=\"vc_column-inner vc_custom_1687250204408\"><div class=\"wpb_wrapper\">\n\t<div  class=\"wpb_single_image wpb_content_element vc_align_left   force-90-width-large-screen\">\n\t\t\n\t\t<figure class=\"wpb_wrapper vc_figure\">\n\t\t\t<div class=\"vc_single_image-wrapper   vc_box_border_grey\"><img fetchpriority=\"high\" decoding=\"async\" width=\"695\" height=\"286\" src=\"https:\/\/www.sunback.shop\/wp-content\/uploads\/2025\/05\/Shop-SunBack3.webp\" class=\"vc_single_image-img attachment-full\" alt=\"Shop SunBack\" title=\"Acquista ora\" srcset=\"https:\/\/www.sunback.shop\/wp-content\/uploads\/2025\/05\/Shop-SunBack3.webp 695w, https:\/\/www.sunback.shop\/wp-content\/uploads\/2025\/05\/Shop-SunBack3-300x123.webp 300w, https:\/\/www.sunback.shop\/wp-content\/uploads\/2025\/05\/Shop-SunBack3-18x7.webp 18w\" sizes=\"(max-width: 695px) 100vw, 695px\" \/><\/div>\n\t\t<\/figure>\n\t<\/div>\n<\/div><\/div><\/div><div class=\"box-shop-home wpb_column vc_column_container vc_col-sm-1 vc_col-lg-5 vc_col-md-5 vc_col-has-fill\"><div class=\"vc_column-inner vc_custom_1747741187788\"><div class=\"wpb_wrapper\">\n\t<div class=\"title-subtitle-box\" style=\" text-align: left;\">\n\t\t<p  style=\"\">SunBack<\/p>\n\t\t<h2 style=\" font-style: normal;\">The World\u2019s First Backpack-Sunbed Combo<\/h2>\n\t<\/div> \n\t<div class=\"gg_list list_style_line\">Tutto ci\u00f2 di cui hai bisogno \u00e8 il tuo SunBack!<\/div><div class=\"vc_btn3-container vc_btn3-inline vc_custom_1742221238855\" ><a style=\"background-color:#40b0af; color:#ffffff;\" class=\"vc_general vc_btn3 vc_btn3-size-md vc_btn3-shape-round vc_btn3-style-custom\" href=\"https:\/\/www.sunback.shop\/it\/shop\/\" title=\"\">Acquista ora<\/a><\/div><\/div><\/div><\/div><\/div><div class=\"vc_row-full-width vc_clearfix\"><\/div>\n<\/section>","protected":false},"excerpt":{"rendered":"General Info Wasn't it called BeachBack? Yes, originally back in 2022, our product was called BeachBack during its crowdfunding campaign on Kickstarter, and it remains the same innovative concept. However, during the course of our campaign, someone else registered the trademark \"BeachBack\" in the US before we could secure it. To ensure a smooth and<br class=\"read-more-spacer\"> <a class=\"more-link\" href=\"https:\/\/www.sunback.shop\/it\/faq\/\">Read More<\/a>","protected":false},"author":1,"featured_media":0,"parent":0,"menu_order":0,"comment_status":"closed","ping_status":"closed","template":"","meta":{"footnotes":""},"class_list":["post-519","page","type-page","status-publish","hentry"],"acf":[],"yoast_head":"<!-- This site is optimized with the Yoast SEO plugin v25.3 - https:\/\/yoast.com\/wordpress\/plugins\/seo\/ -->\n<title>FAQ - SUNBACK.shop | Domande sul tuo zaino lettino prendisole<\/title>\n<meta name=\"description\" content=\"Scopri tutto sullo zaino lettino prendisole SunBack: resistenza a sabbia, acqua e vento, capacit\u00e0 e motivi del cambio nome da BeachBack.\" \/>\n<meta name=\"robots\" content=\"index, follow, max-snippet:-1, max-image-preview:large, max-video-preview:-1\" \/>\n<link rel=\"canonical\" href=\"https:\/\/www.sunback.shop\/it\/faq\/\" \/>\n<meta property=\"og:locale\" content=\"it_IT\" \/>\n<meta property=\"og:type\" content=\"article\" \/>\n<meta property=\"og:title\" content=\"FAQ - SUNBACK.shop | Domande sul tuo zaino lettino prendisole\" \/>\n<meta property=\"og:description\" content=\"Scopri tutto sullo zaino lettino prendisole SunBack: resistenza a sabbia, acqua e vento, capacit\u00e0 e motivi del cambio nome da BeachBack.\" \/>\n<meta property=\"og:url\" content=\"https:\/\/www.sunback.shop\/it\/faq\/\" \/>\n<meta property=\"og:site_name\" content=\"SUNBACK.shop\" \/>\n<meta property=\"article:publisher\" content=\"https:\/\/m.facebook.com\/beachbackshop\/\" \/>\n<meta property=\"article:modified_time\" content=\"2025-06-17T09:02:37+00:00\" \/>\n<meta name=\"twitter:card\" content=\"summary_large_image\" \/>\n<meta name=\"twitter:label1\" content=\"Tempo di lettura stimato\" \/>\n\t<meta name=\"twitter:data1\" content=\"3 minuti\" \/>\n<script type=\"application\/ld+json\" class=\"yoast-schema-graph\">{\"@context\":\"https:\/\/schema.org\",\"@graph\":[{\"@type\":\"WebPage\",\"@id\":\"https:\/\/www.sunback.shop\/faq\/\",\"url\":\"https:\/\/www.sunback.shop\/faq\/\",\"name\":\"FAQ - SUNBACK.shop | Domande sul tuo zaino lettino prendisole\",\"isPartOf\":{\"@id\":\"https:\/\/www.sunback.shop\/it\/#website\"},\"datePublished\":\"2016-03-21T13:06:29+00:00\",\"dateModified\":\"2025-06-17T09:02:37+00:00\",\"description\":\"Scopri tutto sullo zaino lettino prendisole SunBack: resistenza a sabbia, acqua e vento, capacit\u00e0 e motivi del cambio nome da BeachBack.\",\"breadcrumb\":{\"@id\":\"https:\/\/www.sunback.shop\/faq\/#breadcrumb\"},\"inLanguage\":\"it-IT\",\"potentialAction\":[{\"@type\":\"ReadAction\",\"target\":[\"https:\/\/www.sunback.shop\/faq\/\"]}]},{\"@type\":\"BreadcrumbList\",\"@id\":\"https:\/\/www.sunback.shop\/faq\/#breadcrumb\",\"itemListElement\":[{\"@type\":\"ListItem\",\"position\":1,\"name\":\"Home\",\"item\":\"https:\/\/www.sunback.shop\/\"},{\"@type\":\"ListItem\",\"position\":2,\"name\":\"FAQ\"}]},{\"@type\":\"WebSite\",\"@id\":\"https:\/\/www.sunback.shop\/it\/#website\",\"url\":\"https:\/\/www.sunback.shop\/it\/\",\"name\":\"SUNBACK.shop\",\"description\":\"The World\u2019s First Backpack-Sunbed Combo\",\"publisher\":{\"@id\":\"https:\/\/www.sunback.shop\/it\/#organization\"},\"potentialAction\":[{\"@type\":\"SearchAction\",\"target\":{\"@type\":\"EntryPoint\",\"urlTemplate\":\"https:\/\/www.sunback.shop\/it\/?s={search_term_string}\"},\"query-input\":{\"@type\":\"PropertyValueSpecification\",\"valueRequired\":true,\"valueName\":\"search_term_string\"}}],\"inLanguage\":\"it-IT\"},{\"@type\":\"Organization\",\"@id\":\"https:\/\/www.sunback.shop\/it\/#organization\",\"name\":\"SUNBACK.shop\",\"url\":\"https:\/\/www.sunback.shop\/it\/\",\"logo\":{\"@type\":\"ImageObject\",\"inLanguage\":\"it-IT\",\"@id\":\"https:\/\/www.sunback.shop\/it\/#\/schema\/logo\/image\/\",\"url\":\"https:\/\/www.sunback.shop\/wp-content\/uploads\/2025\/03\/Sunback-logo-black.png\",\"contentUrl\":\"https:\/\/www.sunback.shop\/wp-content\/uploads\/2025\/03\/Sunback-logo-black.png\",\"width\":124,\"height\":86,\"caption\":\"SUNBACK.shop\"},\"image\":{\"@id\":\"https:\/\/www.sunback.shop\/it\/#\/schema\/logo\/image\/\"},\"sameAs\":[\"https:\/\/m.facebook.com\/beachbackshop\/\",\"https:\/\/www.instagram.com\/sunback.shop\",\"https:\/\/www.youtube.com\/channel\/UCK-jTFkGNGVVzGvwJ4a2WUw\"]}]}<\/script>\n<!-- \/ Yoast SEO plugin. -->","yoast_head_json":{"title":"FAQ - SUNBACK.shop | Domande sul tuo zaino lettino prendisole","description":"Scopri tutto sullo zaino lettino prendisole SunBack: resistenza a sabbia, acqua e vento, capacit\u00e0 e motivi del cambio nome da BeachBack.","robots":{"index":"index","follow":"follow","max-snippet":"max-snippet:-1","max-image-preview":"max-image-preview:large","max-video-preview":"max-video-preview:-1"},"canonical":"https:\/\/www.sunback.shop\/it\/faq\/","og_locale":"it_IT","og_type":"article","og_title":"FAQ - SUNBACK.shop | Domande sul tuo zaino lettino prendisole","og_description":"Scopri tutto sullo zaino lettino prendisole SunBack: resistenza a sabbia, acqua e vento, capacit\u00e0 e motivi del cambio nome da BeachBack.","og_url":"https:\/\/www.sunback.shop\/it\/faq\/","og_site_name":"SUNBACK.shop","article_publisher":"https:\/\/m.facebook.com\/beachbackshop\/","article_modified_time":"2025-06-17T09:02:37+00:00","twitter_card":"summary_large_image","twitter_misc":{"Tempo di lettura stimato":"3 minuti"},"schema":{"@context":"https:\/\/schema.org","@graph":[{"@type":"WebPage","@id":"https:\/\/www.sunback.shop\/faq\/","url":"https:\/\/www.sunback.shop\/faq\/","name":"FAQ - SUNBACK.shop | Domande sul tuo zaino lettino prendisole","isPartOf":{"@id":"https:\/\/www.sunback.shop\/it\/#website"},"datePublished":"2016-03-21T13:06:29+00:00","dateModified":"2025-06-17T09:02:37+00:00","description":"Scopri tutto sullo zaino lettino prendisole SunBack: resistenza a sabbia, acqua e vento, capacit\u00e0 e motivi del cambio nome da BeachBack.","breadcrumb":{"@id":"https:\/\/www.sunback.shop\/faq\/#breadcrumb"},"inLanguage":"it-IT","potentialAction":[{"@type":"ReadAction","target":["https:\/\/www.sunback.shop\/faq\/"]}]},{"@type":"BreadcrumbList","@id":"https:\/\/www.sunback.shop\/faq\/#breadcrumb","itemListElement":[{"@type":"ListItem","position":1,"name":"Home","item":"https:\/\/www.sunback.shop\/"},{"@type":"ListItem","position":2,"name":"FAQ"}]},{"@type":"WebSite","@id":"https:\/\/www.sunback.shop\/it\/#website","url":"https:\/\/www.sunback.shop\/it\/","name":"SUNBACK.shop","description":"The World\u2019s First Backpack-Sunbed Combo","publisher":{"@id":"https:\/\/www.sunback.shop\/it\/#organization"},"potentialAction":[{"@type":"SearchAction","target":{"@type":"EntryPoint","urlTemplate":"https:\/\/www.sunback.shop\/it\/?s={search_term_string}"},"query-input":{"@type":"PropertyValueSpecification","valueRequired":true,"valueName":"search_term_string"}}],"inLanguage":"it-IT"},{"@type":"Organization","@id":"https:\/\/www.sunback.shop\/it\/#organization","name":"SUNBACK.shop","url":"https:\/\/www.sunback.shop\/it\/","logo":{"@type":"ImageObject","inLanguage":"it-IT","@id":"https:\/\/www.sunback.shop\/it\/#\/schema\/logo\/image\/","url":"https:\/\/www.sunback.shop\/wp-content\/uploads\/2025\/03\/Sunback-logo-black.png","contentUrl":"https:\/\/www.sunback.shop\/wp-content\/uploads\/2025\/03\/Sunback-logo-black.png","width":124,"height":86,"caption":"SUNBACK.shop"},"image":{"@id":"https:\/\/www.sunback.shop\/it\/#\/schema\/logo\/image\/"},"sameAs":["https:\/\/m.facebook.com\/beachbackshop\/","https:\/\/www.instagram.com\/sunback.shop","https:\/\/www.youtube.com\/channel\/UCK-jTFkGNGVVzGvwJ4a2WUw"]}]}},"_links":{"self":[{"href":"https:\/\/www.sunback.shop\/it\/wp-json\/wp\/v2\/pages\/519","targetHints":{"allow":["GET"]}}],"collection":[{"href":"https:\/\/www.sunback.shop\/it\/wp-json\/wp\/v2\/pages"}],"about":[{"href":"https:\/\/www.sunback.shop\/it\/wp-json\/wp\/v2\/types\/page"}],"author":[{"embeddable":true,"href":"https:\/\/www.sunback.shop\/it\/wp-json\/wp\/v2\/users\/1"}],"replies":[{"embeddable":true,"href":"https:\/\/www.sunback.shop\/it\/wp-json\/wp\/v2\/comments?post=519"}],"version-history":[{"count":16,"href":"https:\/\/www.sunback.shop\/it\/wp-json\/wp\/v2\/pages\/519\/revisions"}],"predecessor-version":[{"id":1912,"href":"https:\/\/www.sunback.shop\/it\/wp-json\/wp\/v2\/pages\/519\/revisions\/1912"}],"wp:attachment":[{"href":"https:\/\/www.sunback.shop\/it\/wp-json\/wp\/v2\/media?parent=519"}],"curies":[{"name":"wp","href":"https:\/\/api.w.org\/{rel}","templated":true}]}}