{"id":1601,"date":"2023-05-31T14:41:12","date_gmt":"2023-05-31T14:41:12","guid":{"rendered":"https:\/\/www.sunback.shop\/?post_type=product&#038;p=1601"},"modified":"2025-08-18T10:56:37","modified_gmt":"2025-08-18T10:56:37","slug":"sunback-couple","status":"publish","type":"product","link":"https:\/\/www.sunback.shop\/it\/prodotto\/sunback-couple\/","title":{"rendered":"SunBack Zaino-Lettino doppio"},"content":{"rendered":"<section class=\"wpb-content-wrapper\"><div class=\"vc_row wpb_row vc_row-fluid vc_custom_1460727920666 vc_row-has-fill vc_row-o-content-middle vc_row-flex\"><div class=\"wpb_column vc_column_container vc_col-sm-12 vc_col-lg-6 vc_col-md-6\"><div class=\"vc_column-inner vc_custom_1460636569719\"><div class=\"wpb_wrapper\">\n\t<div class=\"title-subtitle-box\" style=\" text-align: left;\">\n\t\t<p  style=\"\">FEATURES<\/p>\n\t\t<h1 style=\" font-style: normal;\">Tessuto resistente all'acqua e alla sabbia<\/h1>\n\t<\/div> \n\t<div class=\"wpb_text_column wpb_content_element\" >\n\t\t<div class=\"wpb_wrapper\">\n\t\t\t<p>SunBack is designed to withstand the elements and keep your belongings clean and dry. Whether you\u2019re lounging by the beach or enjoying a picnic in the park, SunBack\u2019s fabric ensures that you can relax without worrying about water or sand ruining your experience.<\/p>\n\n\t\t<\/div>\n\t<\/div>\n<\/div><\/div><\/div><div class=\"wpb_column vc_column_container vc_col-sm-12 vc_col-lg-6 vc_col-md-6 vc_hidden-sm vc_hidden-xs vc_col-has-fill\"><div class=\"vc_column-inner vc_custom_1685540624611\"><div class=\"wpb_wrapper\"><div class=\"vc_empty_space\"   style=\"height: 700px\"><span class=\"vc_empty_space_inner\"><\/span><\/div><\/div><\/div><\/div><\/div><div class=\"vc_row wpb_row vc_row-fluid vc_custom_1460727927848 vc_row-has-fill vc_row-o-content-middle vc_row-flex\"><div class=\"wpb_column vc_column_container vc_col-sm-12 vc_col-lg-6 vc_col-md-6 vc_hidden-sm vc_hidden-xs vc_col-has-fill\"><div class=\"vc_column-inner vc_custom_1685540636640\"><div class=\"wpb_wrapper\"><div class=\"vc_empty_space\"   style=\"height: 700px\"><span class=\"vc_empty_space_inner\"><\/span><\/div><\/div><\/div><\/div><div class=\"wpb_column vc_column_container vc_col-sm-12 vc_col-lg-6 vc_col-md-6\"><div class=\"vc_column-inner vc_custom_1460636579755\"><div class=\"wpb_wrapper\">\n\t<div class=\"title-subtitle-box\" style=\" text-align: left;\">\n\t\t<p  style=\"\">FEATURES<\/p>\n\t\t<h1 style=\" font-style: normal;\">Cerniere resistenti alla sabbia e all'acqua<\/h1>\n\t<\/div> \n\t<div class=\"wpb_text_column wpb_content_element\" >\n\t\t<div class=\"wpb_wrapper\">\n\t\t\t<p>Le cerniere progettate appositamente per SunBack impediscono l\u2019ingresso di sabbia e acqua, garantendoti un\u2019esperienza senza problemi. Niente pi\u00f9 zippers bloccate dalla sabbia o preoccupazioni per i tuoi effetti personali che rischiano di bagnarsi.<\/p>\n\n\t\t<\/div>\n\t<\/div>\n<\/div><\/div><\/div><\/div><div class=\"vc_row wpb_row vc_row-fluid vc_custom_1460727935440 vc_row-has-fill vc_row-o-content-middle vc_row-flex\"><div class=\"wpb_column vc_column_container vc_col-sm-12 vc_col-lg-6 vc_col-md-6\"><div class=\"vc_column-inner vc_custom_1460636587092\"><div class=\"wpb_wrapper\">\n\t<div class=\"title-subtitle-box\" style=\" text-align: left;\">\n\t\t<p  style=\"\">FEATURES<\/p>\n\t\t<h1 style=\" font-style: normal;\">Asciugamano con strap antivento<\/h1>\n\t<\/div> \n\t<div class=\"wpb_text_column wpb_content_element\" >\n\t\t<div class=\"wpb_wrapper\">\n\t\t\t<p>Questo telo innovativo \u00e8 progettato per rimanere ben fermo anche nelle giornate ventose, permettendoti di goderti la tua esperienza in spiaggia o all\u2019aperto senza doverlo sistemare continuamente o rincorrerlo. D\u00ec addio alla frustrazione di dover lottare contro le raffiche di vento!<\/p>\n\n\t\t<\/div>\n\t<\/div>\n<\/div><\/div><\/div><div class=\"wpb_column vc_column_container vc_col-sm-12 vc_col-lg-6 vc_col-md-6 vc_hidden-sm vc_hidden-xs vc_col-has-fill\"><div class=\"vc_column-inner vc_custom_1685540648264\"><div class=\"wpb_wrapper\"><div class=\"vc_empty_space\"   style=\"height: 700px\"><span class=\"vc_empty_space_inner\"><\/span><\/div><\/div><\/div><\/div><\/div>\n<\/section>","protected":false},"excerpt":{"rendered":"<p>Preparati a vivere l\u2019esperienza definitiva in spiaggia e all\u2019aria aperta con SunBack, l\u2019innovativo zaino-lettino che unisce praticit\u00e0, comfort e versatilit\u00e0 come mai prima d\u2019ora. Progettato per rivoluzionare il tuo modo di rilassarti, SunBack \u00e8 la tua soluzione tutto-in-uno per il relax sempre a portata di mano.<\/p>\n<p>Questo set include due SunBack ed \u00e8 pensato appositamente per coppie o famiglie. Grazie alle speciali fibbie di aggancio integrate, SunBack ti permette di ampliare facilmente la tua area relax unendo due lettini in modo semplice e veloce.<\/p>\n<p>Goditi il massimo del comfort e della praticit\u00e0 mentre tu e il tuo partner vi rilassate fianco a fianco. Le fibbie di aggancio integrate collegano saldamente i SunBack, creando un\u2019area pi\u00f9 ampia dove distendersi.<\/p>\n<p><span class=\"itemization-includes text-uppercase c-navy-light type-10 medium ls1px block\">INCLUDE:<\/span><\/p>\n<ul class=\"type-14 ml3 green-dark mb2 pl2\">\n<li class=\"list-disc\"><span class=\"bold\">2\u00d7<\/span> SunBack<\/li>\n<li><span class=\"bold\">2\u00d7 sun awnings with poles<\/span><\/li>\n<li><span class=\"bold\">2\u00d7 space-saving, wind-resistant towels<\/span><\/li>\n<li><span class=\"bold\">2\u00d7 sand-away mash bag<\/span><\/li>\n<li><span class=\"bold\">2\u00d7 waterproof pocket for swimsuits<\/span><\/li>\n<\/ul>","protected":false},"featured_media":1834,"template":"","meta":[],"product_brand":[],"product_cat":[15,18,27],"product_tag":[],"class_list":{"0":"post-1601","1":"product","2":"type-product","3":"status-publish","4":"has-post-thumbnail","6":"product_cat-sunback","7":"product_cat-backpack-sunbed","8":"product_cat-double","9":"product_shipping_class-spedizione-doppio","11":"first","12":"instock","13":"sale","14":"taxable","15":"shipping-taxable","16":"purchasable","17":"product-type-simple"},"acf":[],"yoast_head":"<!-- This site is optimized with the Yoast SEO plugin v25.3 - https:\/\/yoast.com\/wordpress\/plugins\/seo\/ -->\n<title>SunBack Backpack-Sunbed couple - SUNBACK.shop<\/title>\n<meta name=\"robots\" content=\"index, follow, max-snippet:-1, max-image-preview:large, max-video-preview:-1\" \/>\n<link rel=\"canonical\" href=\"https:\/\/www.sunback.shop\/it\/prodotto\/sunback-couple\/\" \/>\n<meta property=\"og:locale\" content=\"it_IT\" \/>\n<meta property=\"og:type\" content=\"article\" \/>\n<meta property=\"og:title\" content=\"SunBack Backpack-Sunbed couple - SUNBACK.shop\" \/>\n<meta property=\"og:description\" content=\"Get ready for the ultimate beach and outdoor experience with SunBack, the innovative backpack-sunbed combo that combines convenience, comfort, and versatility like never before. Designed to revolutionize the way you relax, SunBack is your all-in-one solution for on-the-go lounging.  This combo features two SunBack and is designed especially for couples or families. With its unique integrated coupling buckles, SunBack allows you to expand your relaxation area by effortlessly coupling two SunBacks together.  Enjoy the ultimate comfort and convenience as you and your partner unwind side by side. The integrated coupling buckles securely connect the BeachBacks, creating a larger seating area for both of you to lounge together.  INCLUDE:   2\u00d7 SunBack  2\u00d7 sun awnings with poles  2\u00d7 space-saving, wind-resistant towels  2\u00d7 sand-away mash bag  2\u00d7 waterproof pocket for swimsuits\" \/>\n<meta property=\"og:url\" content=\"https:\/\/www.sunback.shop\/it\/prodotto\/sunback-couple\/\" \/>\n<meta property=\"og:site_name\" content=\"SUNBACK.shop\" \/>\n<meta property=\"article:publisher\" content=\"https:\/\/m.facebook.com\/beachbackshop\/\" \/>\n<meta property=\"article:modified_time\" content=\"2025-08-18T10:56:37+00:00\" \/>\n<meta property=\"og:image\" content=\"https:\/\/www.sunback.shop\/wp-content\/uploads\/2023\/05\/SunBack-couple2.png\" \/>\n\t<meta property=\"og:image:width\" content=\"998\" \/>\n\t<meta property=\"og:image:height\" content=\"772\" \/>\n\t<meta property=\"og:image:type\" content=\"image\/png\" \/>\n<meta name=\"twitter:card\" content=\"summary_large_image\" \/>\n<meta name=\"twitter:label1\" content=\"Tempo di lettura stimato\" \/>\n\t<meta name=\"twitter:data1\" content=\"2 minuti\" \/>\n<script type=\"application\/ld+json\" class=\"yoast-schema-graph\">{\"@context\":\"https:\/\/schema.org\",\"@graph\":[{\"@type\":\"WebPage\",\"@id\":\"https:\/\/www.sunback.shop\/product\/sunback-couple\/\",\"url\":\"https:\/\/www.sunback.shop\/product\/sunback-couple\/\",\"name\":\"SunBack Backpack-Sunbed couple - SUNBACK.shop\",\"isPartOf\":{\"@id\":\"https:\/\/www.sunback.shop\/it\/#website\"},\"primaryImageOfPage\":{\"@id\":\"https:\/\/www.sunback.shop\/product\/sunback-couple\/#primaryimage\"},\"image\":{\"@id\":\"https:\/\/www.sunback.shop\/product\/sunback-couple\/#primaryimage\"},\"thumbnailUrl\":\"https:\/\/www.sunback.shop\/wp-content\/uploads\/2023\/05\/SunBack-couple2.png\",\"datePublished\":\"2023-05-31T14:41:12+00:00\",\"dateModified\":\"2025-08-18T10:56:37+00:00\",\"breadcrumb\":{\"@id\":\"https:\/\/www.sunback.shop\/product\/sunback-couple\/#breadcrumb\"},\"inLanguage\":\"it-IT\",\"potentialAction\":[{\"@type\":\"ReadAction\",\"target\":[\"https:\/\/www.sunback.shop\/product\/sunback-couple\/\"]}]},{\"@type\":\"ImageObject\",\"inLanguage\":\"it-IT\",\"@id\":\"https:\/\/www.sunback.shop\/product\/sunback-couple\/#primaryimage\",\"url\":\"https:\/\/www.sunback.shop\/wp-content\/uploads\/2023\/05\/SunBack-couple2.png\",\"contentUrl\":\"https:\/\/www.sunback.shop\/wp-content\/uploads\/2023\/05\/SunBack-couple2.png\",\"width\":998,\"height\":772,\"caption\":\"SunBack Backpack-Sunbed couple\"},{\"@type\":\"BreadcrumbList\",\"@id\":\"https:\/\/www.sunback.shop\/product\/sunback-couple\/#breadcrumb\",\"itemListElement\":[{\"@type\":\"ListItem\",\"position\":1,\"name\":\"Home\",\"item\":\"https:\/\/www.sunback.shop\/\"},{\"@type\":\"ListItem\",\"position\":2,\"name\":\"SunBack singolo\",\"item\":\"https:\/\/www.sunback.shop\/?page_id=1958\"},{\"@type\":\"ListItem\",\"position\":3,\"name\":\"SunBack Backpack-Sunbed couple\"}]},{\"@type\":\"WebSite\",\"@id\":\"https:\/\/www.sunback.shop\/it\/#website\",\"url\":\"https:\/\/www.sunback.shop\/it\/\",\"name\":\"SUNBACK.shop\",\"description\":\"The World\u2019s First Backpack-Sunbed Combo\",\"publisher\":{\"@id\":\"https:\/\/www.sunback.shop\/it\/#organization\"},\"potentialAction\":[{\"@type\":\"SearchAction\",\"target\":{\"@type\":\"EntryPoint\",\"urlTemplate\":\"https:\/\/www.sunback.shop\/it\/?s={search_term_string}\"},\"query-input\":{\"@type\":\"PropertyValueSpecification\",\"valueRequired\":true,\"valueName\":\"search_term_string\"}}],\"inLanguage\":\"it-IT\"},{\"@type\":\"Organization\",\"@id\":\"https:\/\/www.sunback.shop\/it\/#organization\",\"name\":\"SUNBACK.shop\",\"url\":\"https:\/\/www.sunback.shop\/it\/\",\"logo\":{\"@type\":\"ImageObject\",\"inLanguage\":\"it-IT\",\"@id\":\"https:\/\/www.sunback.shop\/it\/#\/schema\/logo\/image\/\",\"url\":\"https:\/\/www.sunback.shop\/wp-content\/uploads\/2025\/03\/Sunback-logo-black.png\",\"contentUrl\":\"https:\/\/www.sunback.shop\/wp-content\/uploads\/2025\/03\/Sunback-logo-black.png\",\"width\":124,\"height\":86,\"caption\":\"SUNBACK.shop\"},\"image\":{\"@id\":\"https:\/\/www.sunback.shop\/it\/#\/schema\/logo\/image\/\"},\"sameAs\":[\"https:\/\/m.facebook.com\/beachbackshop\/\",\"https:\/\/www.instagram.com\/sunback.shop\",\"https:\/\/www.youtube.com\/channel\/UCK-jTFkGNGVVzGvwJ4a2WUw\"]}]}<\/script>\n<!-- \/ Yoast SEO plugin. -->","yoast_head_json":{"title":"SunBack Backpack-Sunbed couple - SUNBACK.shop","robots":{"index":"index","follow":"follow","max-snippet":"max-snippet:-1","max-image-preview":"max-image-preview:large","max-video-preview":"max-video-preview:-1"},"canonical":"https:\/\/www.sunback.shop\/it\/prodotto\/sunback-couple\/","og_locale":"it_IT","og_type":"article","og_title":"SunBack Backpack-Sunbed couple - SUNBACK.shop","og_description":"Get ready for the ultimate beach and outdoor experience with SunBack, the innovative backpack-sunbed combo that combines convenience, comfort, and versatility like never before. Designed to revolutionize the way you relax, SunBack is your all-in-one solution for on-the-go lounging.  This combo features two SunBack and is designed especially for couples or families. With its unique integrated coupling buckles, SunBack allows you to expand your relaxation area by effortlessly coupling two SunBacks together.  Enjoy the ultimate comfort and convenience as you and your partner unwind side by side. The integrated coupling buckles securely connect the BeachBacks, creating a larger seating area for both of you to lounge together.  INCLUDE:   2\u00d7 SunBack  2\u00d7 sun awnings with poles  2\u00d7 space-saving, wind-resistant towels  2\u00d7 sand-away mash bag  2\u00d7 waterproof pocket for swimsuits","og_url":"https:\/\/www.sunback.shop\/it\/prodotto\/sunback-couple\/","og_site_name":"SUNBACK.shop","article_publisher":"https:\/\/m.facebook.com\/beachbackshop\/","article_modified_time":"2025-08-18T10:56:37+00:00","og_image":[{"width":998,"height":772,"url":"https:\/\/www.sunback.shop\/wp-content\/uploads\/2023\/05\/SunBack-couple2.png","type":"image\/png"}],"twitter_card":"summary_large_image","twitter_misc":{"Tempo di lettura stimato":"2 minuti"},"schema":{"@context":"https:\/\/schema.org","@graph":[{"@type":"WebPage","@id":"https:\/\/www.sunback.shop\/product\/sunback-couple\/","url":"https:\/\/www.sunback.shop\/product\/sunback-couple\/","name":"SunBack Backpack-Sunbed couple - SUNBACK.shop","isPartOf":{"@id":"https:\/\/www.sunback.shop\/it\/#website"},"primaryImageOfPage":{"@id":"https:\/\/www.sunback.shop\/product\/sunback-couple\/#primaryimage"},"image":{"@id":"https:\/\/www.sunback.shop\/product\/sunback-couple\/#primaryimage"},"thumbnailUrl":"https:\/\/www.sunback.shop\/wp-content\/uploads\/2023\/05\/SunBack-couple2.png","datePublished":"2023-05-31T14:41:12+00:00","dateModified":"2025-08-18T10:56:37+00:00","breadcrumb":{"@id":"https:\/\/www.sunback.shop\/product\/sunback-couple\/#breadcrumb"},"inLanguage":"it-IT","potentialAction":[{"@type":"ReadAction","target":["https:\/\/www.sunback.shop\/product\/sunback-couple\/"]}]},{"@type":"ImageObject","inLanguage":"it-IT","@id":"https:\/\/www.sunback.shop\/product\/sunback-couple\/#primaryimage","url":"https:\/\/www.sunback.shop\/wp-content\/uploads\/2023\/05\/SunBack-couple2.png","contentUrl":"https:\/\/www.sunback.shop\/wp-content\/uploads\/2023\/05\/SunBack-couple2.png","width":998,"height":772,"caption":"SunBack Backpack-Sunbed couple"},{"@type":"BreadcrumbList","@id":"https:\/\/www.sunback.shop\/product\/sunback-couple\/#breadcrumb","itemListElement":[{"@type":"ListItem","position":1,"name":"Home","item":"https:\/\/www.sunback.shop\/"},{"@type":"ListItem","position":2,"name":"SunBack singolo","item":"https:\/\/www.sunback.shop\/?page_id=1958"},{"@type":"ListItem","position":3,"name":"SunBack Backpack-Sunbed couple"}]},{"@type":"WebSite","@id":"https:\/\/www.sunback.shop\/it\/#website","url":"https:\/\/www.sunback.shop\/it\/","name":"SUNBACK.shop","description":"The World\u2019s First Backpack-Sunbed Combo","publisher":{"@id":"https:\/\/www.sunback.shop\/it\/#organization"},"potentialAction":[{"@type":"SearchAction","target":{"@type":"EntryPoint","urlTemplate":"https:\/\/www.sunback.shop\/it\/?s={search_term_string}"},"query-input":{"@type":"PropertyValueSpecification","valueRequired":true,"valueName":"search_term_string"}}],"inLanguage":"it-IT"},{"@type":"Organization","@id":"https:\/\/www.sunback.shop\/it\/#organization","name":"SUNBACK.shop","url":"https:\/\/www.sunback.shop\/it\/","logo":{"@type":"ImageObject","inLanguage":"it-IT","@id":"https:\/\/www.sunback.shop\/it\/#\/schema\/logo\/image\/","url":"https:\/\/www.sunback.shop\/wp-content\/uploads\/2025\/03\/Sunback-logo-black.png","contentUrl":"https:\/\/www.sunback.shop\/wp-content\/uploads\/2025\/03\/Sunback-logo-black.png","width":124,"height":86,"caption":"SUNBACK.shop"},"image":{"@id":"https:\/\/www.sunback.shop\/it\/#\/schema\/logo\/image\/"},"sameAs":["https:\/\/m.facebook.com\/beachbackshop\/","https:\/\/www.instagram.com\/sunback.shop","https:\/\/www.youtube.com\/channel\/UCK-jTFkGNGVVzGvwJ4a2WUw"]}]}},"_links":{"self":[{"href":"https:\/\/www.sunback.shop\/it\/wp-json\/wp\/v2\/product\/1601","targetHints":{"allow":["GET"]}}],"collection":[{"href":"https:\/\/www.sunback.shop\/it\/wp-json\/wp\/v2\/product"}],"about":[{"href":"https:\/\/www.sunback.shop\/it\/wp-json\/wp\/v2\/types\/product"}],"version-history":[{"count":6,"href":"https:\/\/www.sunback.shop\/it\/wp-json\/wp\/v2\/product\/1601\/revisions"}],"predecessor-version":[{"id":2311,"href":"https:\/\/www.sunback.shop\/it\/wp-json\/wp\/v2\/product\/1601\/revisions\/2311"}],"wp:featuredmedia":[{"embeddable":true,"href":"https:\/\/www.sunback.shop\/it\/wp-json\/wp\/v2\/media\/1834"}],"wp:attachment":[{"href":"https:\/\/www.sunback.shop\/it\/wp-json\/wp\/v2\/media?parent=1601"}],"wp:term":[{"taxonomy":"product_brand","embeddable":true,"href":"https:\/\/www.sunback.shop\/it\/wp-json\/wp\/v2\/product_brand?post=1601"},{"taxonomy":"product_cat","embeddable":true,"href":"https:\/\/www.sunback.shop\/it\/wp-json\/wp\/v2\/product_cat?post=1601"},{"taxonomy":"product_tag","embeddable":true,"href":"https:\/\/www.sunback.shop\/it\/wp-json\/wp\/v2\/product_tag?post=1601"}],"curies":[{"name":"wp","href":"https:\/\/api.w.org\/{rel}","templated":true}]}}